{"id":8206,"date":"2025-07-15T14:34:57","date_gmt":"2025-07-15T12:34:57","guid":{"rendered":"https:\/\/weingutschneider.de\/?post_type=product&#038;p=8206"},"modified":"2026-03-03T15:20:30","modified_gmt":"2026-03-03T14:20:30","slug":"2022-rooi-olifant","status":"publish","type":"product","link":"https:\/\/weingutschneider.de\/produkt\/2022-rooi-olifant\/","title":{"rendered":"2022 Rooi Olifant"},"content":{"rendered":"<div class=\"page\" title=\"Page 3\">\n<div class=\"layoutArea\">\n<div class=\"column\">Die Kaapzicht Weinberge liegen auf den Bottelary Hills, von dort hat man einen direkten Blick in die gesamte Kapbucht.<\/div>\n<div><\/div>\n<div class=\"column\">Hier wurden die Trauben von f\u00fcnf verschiedenen Kleinparzellen ganz differenziert voneinander geerntet. Alle f\u00fcnf Fl\u00e4chen werden ringsum von \u00fcberdimensionalen Granit Findlingen \u201ebewacht\u201c, welche auf der Farm The Olifant Rocks genannt werden.<\/div>\n<\/div>\n<div class=\"layoutArea\">\n<div class=\"column\">\n<p style=\"font-weight: 400;\"><em>Pinotage, Cabernet Franc, Cabernet Sauvignon und Shiraz<\/em><\/p>\n<p>&nbsp;<\/p>\n<\/div>\n<\/div>\n<\/div>\n","protected":false},"excerpt":{"rendered":"<p><span class=\"font-jenson\">Auf KAAPZICHT Estate in Stellenbosch\/S\u00fcdafrika entstand vor einigen Jahren das erste Joint Venture von Weingut Schneider.<\/span><\/p>\n<p><span class=\"font-jenson\"><br \/>\nDort arbeiten die beide Freunde und Weinmacher Danie &amp; Markus mit Blick in die Kapbucht auf Table Mountain und Lions Head, zwischen m\u00e4chtigen Granitfelsen (Olifant Rocks), welche das Land seit Jahrtausenden bewachen.<\/span><\/p>\n<p><span class=\"font-jenson\"><br \/>\nThank you my &#8220;little brother&#8221; for all the great wines, experiences and moments! (Markus Schneider, Juli 2025)<\/span><\/p>\n<p><span class=\"font-jenson\">Pinotage, Cabernet Franc, Cabernet Sauvignon, Shiraz<\/span><\/p>\n<p><strong style=\"font-size: 20px;\">19,50 \u20ac<\/strong> <small style=\"margin-left: 20px;\">0,75 Liter (26,00 \u20ac\/Liter)<\/small> <small style=\"margin-left: 20px;\">Lieferung ab 120\u20ac versandkostenfrei <\/small><\/p>\n<p><small class=\"font-jenson block\">Herkunft: S\u00fcdafrika W.O., Stellenbosch, enth\u00e4lt Sulfite,<br \/>\nAlkohol: 14,5 % vol., Abf\u00fcller: Kaapzicht Estate, Importeur: Markus Schneider<\/small><\/p>\n","protected":false},"featured_media":8220,"template":"","meta":[],"product_brand":[],"product_cat":[41],"product_tag":[44,43],"class_list":{"0":"post-8206","1":"product","2":"type-product","3":"status-publish","4":"has-post-thumbnail","6":"product_cat-rotwein","7":"product_tag-black-print","8":"product_tag-rotwein","10":"first","11":"instock","12":"taxable","13":"shipping-taxable","14":"purchasable","15":"product-type-simple"},"jetpack_sharing_enabled":true,"_links":{"self":[{"href":"https:\/\/weingutschneider.de\/en\/wp-json\/wp\/v2\/product\/8206","targetHints":{"allow":["GET"]}}],"collection":[{"href":"https:\/\/weingutschneider.de\/en\/wp-json\/wp\/v2\/product"}],"about":[{"href":"https:\/\/weingutschneider.de\/en\/wp-json\/wp\/v2\/types\/product"}],"wp:featuredmedia":[{"embeddable":true,"href":"https:\/\/weingutschneider.de\/en\/wp-json\/wp\/v2\/media\/8220"}],"wp:attachment":[{"href":"https:\/\/weingutschneider.de\/en\/wp-json\/wp\/v2\/media?parent=8206"}],"wp:term":[{"taxonomy":"product_brand","embeddable":true,"href":"https:\/\/weingutschneider.de\/en\/wp-json\/wp\/v2\/product_brand?post=8206"},{"taxonomy":"product_cat","embeddable":true,"href":"https:\/\/weingutschneider.de\/en\/wp-json\/wp\/v2\/product_cat?post=8206"},{"taxonomy":"product_tag","embeddable":true,"href":"https:\/\/weingutschneider.de\/en\/wp-json\/wp\/v2\/product_tag?post=8206"}],"curies":[{"name":"wp","href":"https:\/\/api.w.org\/{rel}","templated":true}]}}