{"id":8406,"date":"2024-04-10T15:18:11","date_gmt":"2024-04-10T13:18:11","guid":{"rendered":"https:\/\/weingutschneider.de\/produkt\/2020-blanc-de-blancs\/"},"modified":"2026-03-31T15:37:40","modified_gmt":"2026-03-31T13:37:40","slug":"2020-blanc-de-blancs","status":"publish","type":"product","link":"https:\/\/weingutschneider.de\/en\/produkt\/2020-blanc-de-blancs\/","title":{"rendered":"2021 BLANC DE BLANCS"},"content":{"rendered":"<div>\n<p class=\"Default\">For the Blanc de Blancs, only Chardonnay grapes from carefully selected vines in the Champagne region, grown on one of our hillside vineyards, were gently harvested into crates and pressed using the \u2018tree-pressing method\u2019. Following the first fermentation in oak barrels of various sizes, a classic second fermentation took place in the bottle, with the wine remaining in contact with the lees for several years. <\/p>\n<\/div>\n<div>\n<p class=\"Default\">\n<\/div>\n","protected":false},"excerpt":{"rendered":"<p><span class=\"font-jenson\">F\u00fcr den BLANC DE BLANCS VINTAGE wurden ausschlie\u00dflich Trauben von Chardonnay Rebselektionen der Champagne in unseren Berglagen h\u00e4ndisch geerntet. Es folgte, nach der ersten G\u00e4rung in mehrj\u00e4hrigen F\u00e4ssern verschiedener Formate, eine klassische zweite G\u00e4rung in der Flasche, mit einem Depotkontakt von 36 Monaten.  <\/span><\/p>\n<p><span class=\"font-jenson\">D\u00c9GORGEMENT: Januar 2026<\/span><\/p>\n<p><strong style=\"font-size: 20px;\">19,50 \u20ac<\/strong> <small style=\"margin-left: 20px;\">0,75 Liter (37,33 \u20ac\/Liter)<\/small> <small style=\"margin-left: 20px;\">Delivery from 120\u20ac free of shipping costs<\/small> <\/p>\n<p><small class=\"font-jenson block\">Origin: Germany, quality sparkling white Palatinate, contains sulphites,<br \/>\nAlcohol: 12,0 % vol., manufacturer: Weingut Markus Schneider<\/small><\/p>\n","protected":false},"featured_media":13329,"template":"","meta":[],"product_brand":[],"product_cat":[62],"product_tag":[],"class_list":{"0":"post-8406","1":"product","2":"type-product","3":"status-publish","4":"has-post-thumbnail","6":"product_cat-white-wine","8":"first","9":"instock","10":"taxable","11":"shipping-taxable","12":"purchasable","13":"product-type-simple"},"jetpack_sharing_enabled":true,"_links":{"self":[{"href":"https:\/\/weingutschneider.de\/en\/wp-json\/wp\/v2\/product\/8406","targetHints":{"allow":["GET"]}}],"collection":[{"href":"https:\/\/weingutschneider.de\/en\/wp-json\/wp\/v2\/product"}],"about":[{"href":"https:\/\/weingutschneider.de\/en\/wp-json\/wp\/v2\/types\/product"}],"wp:featuredmedia":[{"embeddable":true,"href":"https:\/\/weingutschneider.de\/en\/wp-json\/wp\/v2\/media\/13329"}],"wp:attachment":[{"href":"https:\/\/weingutschneider.de\/en\/wp-json\/wp\/v2\/media?parent=8406"}],"wp:term":[{"taxonomy":"product_brand","embeddable":true,"href":"https:\/\/weingutschneider.de\/en\/wp-json\/wp\/v2\/product_brand?post=8406"},{"taxonomy":"product_cat","embeddable":true,"href":"https:\/\/weingutschneider.de\/en\/wp-json\/wp\/v2\/product_cat?post=8406"},{"taxonomy":"product_tag","embeddable":true,"href":"https:\/\/weingutschneider.de\/en\/wp-json\/wp\/v2\/product_tag?post=8406"}],"curies":[{"name":"wp","href":"https:\/\/api.w.org\/{rel}","templated":true}]}}